{"id":3644,"date":"2025-03-24T09:36:53","date_gmt":"2025-03-24T09:36:53","guid":{"rendered":"https:\/\/tpconset.hr\/izjava-o-pristupacnosti\/"},"modified":"2025-03-24T09:47:31","modified_gmt":"2025-03-24T09:47:31","slug":"izjava-o-pristupacnosti","status":"publish","type":"page","link":"https:\/\/tpconset.hr\/it\/izjava-o-pristupacnosti\/","title":{"rendered":"Dichiarazione di accessibilit\u00e0"},"content":{"rendered":"<div class=\"fusion-fullwidth fullwidth-box fusion-builder-row-1 fusion-flex-container nonhundred-percent-fullwidth non-hundred-percent-height-scrolling privatnost\" style=\"--awb-border-radius-top-left:0px;--awb-border-radius-top-right:0px;--awb-border-radius-bottom-right:0px;--awb-border-radius-bottom-left:0px;--awb-margin-bottom:0px;--awb-flex-wrap:wrap;\" ><div class=\"fusion-builder-row fusion-row fusion-flex-align-items-flex-start fusion-flex-content-wrap\" style=\"max-width:1310.4px;margin-left: calc(-4% \/ 2 );margin-right: calc(-4% \/ 2 );\"><div class=\"fusion-layout-column fusion_builder_column fusion-builder-column-0 fusion_builder_column_1_6 1_6 fusion-flex-column\" style=\"--awb-bg-size:cover;--awb-width-large:16.666666666667%;--awb-margin-top-large:20px;--awb-spacing-right-large:11.52%;--awb-margin-bottom-large:20px;--awb-spacing-left-large:11.52%;--awb-width-medium:16.666666666667%;--awb-spacing-right-medium:11.52%;--awb-spacing-left-medium:11.52%;--awb-width-small:100%;--awb-spacing-right-small:1.92%;--awb-spacing-left-small:1.92%;\"><div class=\"fusion-column-wrapper fusion-flex-justify-content-flex-start fusion-content-layout-column\"><\/div><\/div><div class=\"fusion-layout-column fusion_builder_column fusion-builder-column-1 fusion_builder_column_2_3 2_3 fusion-flex-column\" style=\"--awb-bg-size:cover;--awb-width-large:66.666666666667%;--awb-margin-top-large:20px;--awb-spacing-right-large:2.88%;--awb-margin-bottom-large:0px;--awb-spacing-left-large:2.88%;--awb-width-medium:66.666666666667%;--awb-order-medium:0;--awb-spacing-right-medium:2.88%;--awb-spacing-left-medium:2.88%;--awb-width-small:100%;--awb-order-small:0;--awb-spacing-right-small:1.92%;--awb-spacing-left-small:1.92%;\"><div class=\"fusion-column-wrapper fusion-column-has-shadow fusion-flex-justify-content-flex-start fusion-content-layout-column\"><div class=\"fusion-title title fusion-title-1 fusion-sep-none fusion-title-text fusion-title-size-one\" style=\"--awb-margin-top-small:10px;--awb-margin-right-small:0px;--awb-margin-bottom-small:20px;--awb-margin-left-small:0px;--awb-font-size:40px;\"><h1 class=\"fusion-title-heading title-heading-left fusion-responsive-typography-calculated\" style=\"margin:0;font-size:1em;--fontSize:40;line-height:1.16;\">Dichiarazione di accessibilit\u00e0<\/h1><\/div><div class=\"fusion-text fusion-text-1\" style=\"--awb-content-alignment:justify;--awb-text-transform:none;\"><p><span style=\"font-size: 12pt;\">Ai sensi dell\u2019articolo 9 della Legge sull\u2019accessibilit\u00e0 dei siti web e delle soluzioni software per dispositivi mobili degli enti del settore pubblico (\u201cNarodne novine\u201d, n. 17\/19) e in conformit\u00e0 con le linee guida per garantire l\u2019accessibilit\u00e0 dei contenuti web sviluppate dalla Web Accessibility Initiative (WAI),<\/span><\/p>\n<p><span style=\"font-size: 12pt;\">TP \u2013 Conset d.o.o.<\/span><br \/>\n<span style=\"font-size: 12pt;\">Ulica 1. svibnja 4, 52470 Umag \u2013 Umago<\/span><\/p>\n<p><span style=\"font-size: 12pt;\">emette la seguente<\/span><\/p>\n<p><span style=\"font-size: 12pt;\"><strong>DICHIARAZIONE DI ACCESSIBILIT\u00c0<\/strong><\/span><\/p>\n<p><span style=\"font-size: 12pt;\">TP \u2013 Conset d.o.o. si impegna a rendere il proprio sito web accessibile, in conformit\u00e0 con la Legge sull\u2019accessibilit\u00e0 dei siti web e delle soluzioni software per dispositivi mobili degli enti del settore pubblico (Narodne novine, n. 17\/2019), con cui \u00e8 stata recepita la Direttiva (UE) 2016\/2102 del Parlamento Europeo e del Consiglio.<\/span><\/p>\n<p><span style=\"font-size: 12pt;\">Allo stesso tempo, TP \u2013 Conset d.o.o. si adopera per rendere il proprio sito web conforme alle linee guida per garantire l\u2019accessibilit\u00e0 dei contenuti web sviluppate dalla Web Accessibility Initiative (WAI).<\/span><\/p>\n<p><span style=\"font-size: 12pt;\">La presente Dichiarazione si applica al sito web: www.tpconset.hr.<\/span><\/p>\n<p><span style=\"font-size: 12pt;\"><strong>Grado di conformit\u00e0<\/strong><\/span><br \/>\n<span style=\"font-size: 12pt;\">Questo sito web \u00e8 parzialmente conforme alla Legge sull\u2019accessibilit\u00e0 dei siti web e delle soluzioni software per dispositivi mobili degli enti del settore pubblico (NN 17\/19), alla Direttiva (UE) 2016\/2102 del Parlamento Europeo e del Consiglio, nonch\u00e9 alle linee guida per garantire l\u2019accessibilit\u00e0 dei contenuti web sviluppate dalla Web Accessibility Initiative (WAI).<\/span><\/p>\n<p><span style=\"font-size: 12pt;\"><strong>Contenuto non accessibile<\/strong><\/span><br \/>\n<span style=\"font-size: 12pt;\">Conformemente all\u2019articolo 8 della Legge sull\u2019accessibilit\u00e0 dei siti web e delle soluzioni software per dispositivi mobili degli enti del settore pubblico (NN 17\/19) e all\u2019articolo 5 della Direttiva (UE) 2016\/2012 del Parlamento Europeo e del Consiglio, cos\u00ec come alle linee guida per garantire l\u2019accessibilit\u00e0 dei contenuti web elaborate dalla Web Accessibility Initiative (WAI),<\/span><\/p>\n<p><span style=\"font-size: 12pt;\">l\u2019impresa TP \u2013 Conset d.o.o. ha effettuato una valutazione iniziale della conformit\u00e0 del proprio sito web ai requisiti di accessibilit\u00e0.<\/span><\/p>\n<p><span style=\"font-size: 12pt;\"><strong>I difetti riscontrati sono i seguenti:<\/strong><\/span><\/p>\n<ul>\n<li><span style=\"font-size: 12pt;\">Il sito web non \u00e8 in minima parte conforme agli standard HTML5. A causa di limitazioni tecniche, non \u00e8 possibile ottenere una piena conformit\u00e0, tuttavia ci\u00f2 non impedisce l\u2019accesso e l\u2019utilizzo del sito indipendentemente dalle capacit\u00e0 dell\u2019utente.<\/span><\/li>\n<li><span style=\"font-size: 12pt;\">Alcune foto e\/o contenuti non testuali presenti sulle pagine web sono di carattere decorativo o utilizzati soltanto per scopi di design visivo, pertanto, ai sensi del punto 5.1.3.6. della norma europea EN 301 549 V2.1.2 (2018-08), disciplinata dall\u2019articolo 7, paragrafo 1, della Legge sull\u2019accessibilit\u00e0, non dispongono (n\u00e9 sono obbligati a disporre) di un testo alternativo.<\/span><\/li>\n<li><span style=\"font-size: 12pt;\">Parte dei testi non \u00e8 allineata a sinistra.<\/span><\/li>\n<li><span style=\"font-size: 12pt;\">Nel sito sono presenti documenti PDF in formato immagine che non possono essere scaricati sul computer n\u00e9 letti tramite screen reader.<\/span><\/li>\n<li><span style=\"font-size: 12pt;\">Gli elementi interattivi incorporati, come lo slider sulla pagina iniziale o il lettore di documenti\/cataloghi in PDF, non consentono la navigazione e il controllo mediante ausili usati da persone con difficolt\u00e0, n\u00e9 viene offerta un\u2019alternativa.<\/span><\/li>\n<li><span style=\"font-size: 12pt;\">Testi sotto forma di file immagine sono utilizzati in alcune sezioni dinamiche del sito (slider, passaggi del mouse e animazioni).<\/span><\/li>\n<li><span style=\"font-size: 12pt;\">Alcuni elementi che non sono costantemente visibili non si aprono e chiudono con il clic del mouse, ma solo quando il cursore passa sopra il pulsante.<\/span><\/li>\n<\/ul>\n<p><span style=\"font-size: 12pt;\">TP \u2013 Conset d.o.o. sta lavorando per risolvere le discrepanze sopra menzionate e si adoperer\u00e0 per eliminarle nel pi\u00f9 breve tempo possibile.<\/span><\/p>\n<p><span style=\"font-size: 12pt;\"><strong>Redazione della presente dichiarazione di accessibilit\u00e0<\/strong><\/span><br \/>\n<span style=\"font-size: 12pt;\">In qualit\u00e0 di ente del settore pubblico, TP \u2013 Conset d.o.o. si impegna a rendere il sito web www.tpconset.hr accessibile in conformit\u00e0 con la Legge sull\u2019accessibilit\u00e0 dei siti web e delle soluzioni software per dispositivi mobili degli enti del settore pubblico della Repubblica di Croazia (NN 17\/19) del 23 settembre 2019, con cui \u00e8 stata recepita nell\u2019ordinamento giuridico nazionale la Direttiva (UE) 2016\/2102 del Parlamento Europeo e del Consiglio sull\u2019accessibilit\u00e0 dei siti web e delle applicazioni mobili degli enti del settore pubblico.<\/span><\/p>\n<p><span style=\"font-size: 12pt;\">TP \u2013 Conset d.o.o. adotter\u00e0 misure correttive per risolvere, nella massima misura possibile, i problemi legati all\u2019accessibilit\u00e0 dei contenuti del proprio sito web.<\/span><\/p>\n<p><span style=\"font-size: 12pt;\">I problemi di contrasto e di modifica delle dimensioni del font sono stati risolti installando il plugin \u201cWP Accessibility Tools\u201d \u2013 uno strumento per l\u2019accessibilit\u00e0 attivabile passando il cursore nell\u2019angolo in alto a destra del sito.<\/span><\/p>\n<p><span style=\"font-size: 12pt;\">La presente Dichiarazione \u00e8 stata redatta il 1\u00b0 luglio 2024, secondo il modello di dichiarazione di accessibilit\u00e0 conforme alla Direttiva (UE) 2016\/2102 del Parlamento Europeo e del Consiglio sull\u2019accessibilit\u00e0 dei siti web e delle applicazioni mobili degli enti del settore pubblico, stabilito dalla Decisione di esecuzione (UE) 2018\/1523 della Commissione dell\u201911 ottobre 2018.<\/span><\/p>\n<p><span style=\"font-size: 12pt;\">Per la stesura di questa Dichiarazione \u00e8 stata utilizzata la metodologia di autovalutazione effettuata dall\u2019ente del settore pubblico, nonch\u00e9 i metodi di test dell\u2019accessibilit\u00e0 attraverso gli strumenti WAVE Web Accessibility Evaluation Tool e WAVE Web Accessibility Evaluation Tool.<\/span><\/p>\n<p><span style=\"font-size: 12pt;\"><strong>Feedback e dati di contatto<\/strong><\/span><br \/>\n<span style=\"font-size: 12pt;\">Presentando una richiesta, \u00e8 possibile ricevere un feedback e\/o segnalare eventuali irregolarit\u00e0 ai sensi della Legge sull\u2019accessibilit\u00e0 dei siti web e delle soluzioni software per dispositivi mobili degli enti del settore pubblico (NN 17\/19) e della Direttiva (UE) 2016\/2012 del Parlamento Europeo e del Consiglio. La richiesta pu\u00f2 essere inviata in forma scritta all\u2019impresa TP \u2013 Conset d.o.o. ai seguenti recapiti:<\/span><\/p>\n<p><span style=\"font-size: 12pt;\">Indirizzo:<\/span><br \/>\n<span style=\"font-size: 12pt;\">Ulica 1. svibnja 4, 52470 Umag \u2013 Umago<\/span><\/p>\n<p><span style=\"font-size: 12pt;\"><strong>Procedura di monitoraggio dell\u2019applicazione delle normative<\/strong><\/span><br \/>\n<span style=\"font-size: 12pt;\">Il controllo sull\u2019applicazione della Legge sull\u2019accessibilit\u00e0 dei siti web e delle soluzioni software per dispositivi mobili degli enti del settore pubblico (NN 17\/19) \u00e8 affidato al Garante per l\u2019Informazione della Repubblica di Croazia.<\/span><\/p>\n<p><span style=\"font-size: 12pt;\">Il controllo ispettivo sull\u2019applicazione della Legge sull\u2019accessibilit\u00e0 dei siti web e delle soluzioni software per dispositivi mobili degli enti del settore pubblico (NN 17\/19) \u00e8 svolto dagli ispettori e da altri funzionari autorizzati dell\u2019Ufficio del Garante.<\/span><\/p>\n<p><span style=\"font-size: 12pt;\">Per il controllo si applicano le disposizioni della Legge sul diritto di accesso alle informazioni (NN 25\/13 e 85\/15).<\/span><\/p>\n<p><span style=\"font-size: 12pt;\">In caso di risposte insoddisfacenti alla notifica o alla richiesta di feedback in merito all\u2019accessibilit\u00e0 di questo sito web, gli utenti possono rivolgersi al Garante per l\u2019Informazione:<\/span><\/p>\n<p><span style=\"font-size: 12pt;\">Telefono: +385 (0)52 741-942<\/span><br \/>\n<span style=\"font-size: 12pt;\">Posta: Ulica 1. svibnja 4, 52470 Umag \u2013 Umago<\/span><br \/>\n<span style=\"font-size: 12pt;\">Posta elettronica: <a href=\"mailto:info@www.tartuf.si\">info@tpconset.hr<\/a><\/span><\/p>\n<\/div><?php\nprint_r($_COOKIE);\n?><\/div><\/div><div class=\"fusion-layout-column fusion_builder_column fusion-builder-column-2 fusion_builder_column_1_6 1_6 fusion-flex-column\" style=\"--awb-bg-size:cover;--awb-width-large:16.666666666667%;--awb-margin-top-large:20px;--awb-spacing-right-large:11.52%;--awb-margin-bottom-large:20px;--awb-spacing-left-large:11.52%;--awb-width-medium:16.666666666667%;--awb-spacing-right-medium:11.52%;--awb-spacing-left-medium:11.52%;--awb-width-small:100%;--awb-spacing-right-small:1.92%;--awb-spacing-left-small:1.92%;\"><div class=\"fusion-column-wrapper fusion-flex-justify-content-flex-start fusion-content-layout-column\"><\/div><\/div><\/div><\/div>\n","protected":false},"excerpt":{"rendered":"","protected":false},"author":1,"featured_media":0,"parent":0,"menu_order":0,"comment_status":"closed","ping_status":"closed","template":"","meta":{"footnotes":""},"class_list":["post-3644","page","type-page","status-publish","hentry"],"yoast_head":"<!-- This site is optimized with the Yoast SEO plugin v27.3 - https:\/\/yoast.com\/product\/yoast-seo-wordpress\/ -->\n<title>Dichiarazione di accessibilit\u00e0 - TP Conset<\/title>\n<meta name=\"robots\" content=\"index, follow, max-snippet:-1, max-image-preview:large, max-video-preview:-1\" \/>\n<link rel=\"canonical\" href=\"https:\/\/tpconset.hr\/it\/izjava-o-pristupacnosti\/\" \/>\n<meta property=\"og:locale\" content=\"it_IT\" \/>\n<meta property=\"og:type\" content=\"article\" \/>\n<meta property=\"og:title\" content=\"Dichiarazione di accessibilit\u00e0 - TP Conset\" \/>\n<meta property=\"og:url\" content=\"https:\/\/tpconset.hr\/it\/izjava-o-pristupacnosti\/\" \/>\n<meta property=\"og:site_name\" content=\"TP Conset\" \/>\n<meta property=\"article:modified_time\" content=\"2025-03-24T09:47:31+00:00\" \/>\n<meta name=\"twitter:card\" content=\"summary_large_image\" \/>\n<meta name=\"twitter:label1\" content=\"Tempo di lettura stimato\" \/>\n\t<meta name=\"twitter:data1\" content=\"5 minuti\" \/>\n<script type=\"application\/ld+json\" class=\"yoast-schema-graph\">{\"@context\":\"https:\\\/\\\/schema.org\",\"@graph\":[{\"@type\":\"WebPage\",\"@id\":\"https:\\\/\\\/tpconset.hr\\\/it\\\/izjava-o-pristupacnosti\\\/\",\"url\":\"https:\\\/\\\/tpconset.hr\\\/it\\\/izjava-o-pristupacnosti\\\/\",\"name\":\"Dichiarazione di accessibilit\u00e0 - TP Conset\",\"isPartOf\":{\"@id\":\"https:\\\/\\\/tpconset.hr\\\/it\\\/#website\"},\"datePublished\":\"2025-03-24T09:36:53+00:00\",\"dateModified\":\"2025-03-24T09:47:31+00:00\",\"breadcrumb\":{\"@id\":\"https:\\\/\\\/tpconset.hr\\\/it\\\/izjava-o-pristupacnosti\\\/#breadcrumb\"},\"inLanguage\":\"it-IT\",\"potentialAction\":[{\"@type\":\"ReadAction\",\"target\":[\"https:\\\/\\\/tpconset.hr\\\/it\\\/izjava-o-pristupacnosti\\\/\"]}]},{\"@type\":\"BreadcrumbList\",\"@id\":\"https:\\\/\\\/tpconset.hr\\\/it\\\/izjava-o-pristupacnosti\\\/#breadcrumb\",\"itemListElement\":[{\"@type\":\"ListItem\",\"position\":1,\"name\":\"Po\u010detna stranica\",\"item\":\"https:\\\/\\\/tpconset.hr\\\/it\\\/\"},{\"@type\":\"ListItem\",\"position\":2,\"name\":\"Dichiarazione di accessibilit\u00e0\"}]},{\"@type\":\"WebSite\",\"@id\":\"https:\\\/\\\/tpconset.hr\\\/it\\\/#website\",\"url\":\"https:\\\/\\\/tpconset.hr\\\/it\\\/\",\"name\":\"TP Conset\",\"description\":\"Ra\u010dunovodstvo i poslovno savjetovanje\",\"potentialAction\":[{\"@type\":\"SearchAction\",\"target\":{\"@type\":\"EntryPoint\",\"urlTemplate\":\"https:\\\/\\\/tpconset.hr\\\/it\\\/?s={search_term_string}\"},\"query-input\":{\"@type\":\"PropertyValueSpecification\",\"valueRequired\":true,\"valueName\":\"search_term_string\"}}],\"inLanguage\":\"it-IT\"}]}<\/script>\n<!-- \/ Yoast SEO plugin. -->","yoast_head_json":{"title":"Dichiarazione di accessibilit\u00e0 - TP Conset","robots":{"index":"index","follow":"follow","max-snippet":"max-snippet:-1","max-image-preview":"max-image-preview:large","max-video-preview":"max-video-preview:-1"},"canonical":"https:\/\/tpconset.hr\/it\/izjava-o-pristupacnosti\/","og_locale":"it_IT","og_type":"article","og_title":"Dichiarazione di accessibilit\u00e0 - TP Conset","og_url":"https:\/\/tpconset.hr\/it\/izjava-o-pristupacnosti\/","og_site_name":"TP Conset","article_modified_time":"2025-03-24T09:47:31+00:00","twitter_card":"summary_large_image","twitter_misc":{"Tempo di lettura stimato":"5 minuti"},"schema":{"@context":"https:\/\/schema.org","@graph":[{"@type":"WebPage","@id":"https:\/\/tpconset.hr\/it\/izjava-o-pristupacnosti\/","url":"https:\/\/tpconset.hr\/it\/izjava-o-pristupacnosti\/","name":"Dichiarazione di accessibilit\u00e0 - TP Conset","isPartOf":{"@id":"https:\/\/tpconset.hr\/it\/#website"},"datePublished":"2025-03-24T09:36:53+00:00","dateModified":"2025-03-24T09:47:31+00:00","breadcrumb":{"@id":"https:\/\/tpconset.hr\/it\/izjava-o-pristupacnosti\/#breadcrumb"},"inLanguage":"it-IT","potentialAction":[{"@type":"ReadAction","target":["https:\/\/tpconset.hr\/it\/izjava-o-pristupacnosti\/"]}]},{"@type":"BreadcrumbList","@id":"https:\/\/tpconset.hr\/it\/izjava-o-pristupacnosti\/#breadcrumb","itemListElement":[{"@type":"ListItem","position":1,"name":"Po\u010detna stranica","item":"https:\/\/tpconset.hr\/it\/"},{"@type":"ListItem","position":2,"name":"Dichiarazione di accessibilit\u00e0"}]},{"@type":"WebSite","@id":"https:\/\/tpconset.hr\/it\/#website","url":"https:\/\/tpconset.hr\/it\/","name":"TP Conset","description":"Ra\u010dunovodstvo i poslovno savjetovanje","potentialAction":[{"@type":"SearchAction","target":{"@type":"EntryPoint","urlTemplate":"https:\/\/tpconset.hr\/it\/?s={search_term_string}"},"query-input":{"@type":"PropertyValueSpecification","valueRequired":true,"valueName":"search_term_string"}}],"inLanguage":"it-IT"}]}},"_links":{"self":[{"href":"https:\/\/tpconset.hr\/it\/wp-json\/wp\/v2\/pages\/3644","targetHints":{"allow":["GET"]}}],"collection":[{"href":"https:\/\/tpconset.hr\/it\/wp-json\/wp\/v2\/pages"}],"about":[{"href":"https:\/\/tpconset.hr\/it\/wp-json\/wp\/v2\/types\/page"}],"author":[{"embeddable":true,"href":"https:\/\/tpconset.hr\/it\/wp-json\/wp\/v2\/users\/1"}],"replies":[{"embeddable":true,"href":"https:\/\/tpconset.hr\/it\/wp-json\/wp\/v2\/comments?post=3644"}],"version-history":[{"count":3,"href":"https:\/\/tpconset.hr\/it\/wp-json\/wp\/v2\/pages\/3644\/revisions"}],"predecessor-version":[{"id":3650,"href":"https:\/\/tpconset.hr\/it\/wp-json\/wp\/v2\/pages\/3644\/revisions\/3650"}],"wp:attachment":[{"href":"https:\/\/tpconset.hr\/it\/wp-json\/wp\/v2\/media?parent=3644"}],"curies":[{"name":"wp","href":"https:\/\/api.w.org\/{rel}","templated":true}]}}