{"id":3420,"date":"2021-03-13T06:53:05","date_gmt":"2021-03-13T06:53:05","guid":{"rendered":"https:\/\/tpconset.hr\/zastita-osobnih-podataka\/"},"modified":"2022-06-01T08:01:44","modified_gmt":"2022-06-01T08:01:44","slug":"protezione-delle-informazioni-personali","status":"publish","type":"page","link":"https:\/\/tpconset.hr\/it\/protezione-delle-informazioni-personali\/","title":{"rendered":"Protezione delle informazioni personali"},"content":{"rendered":"<div class=\"fusion-fullwidth fullwidth-box fusion-builder-row-1 fusion-flex-container nonhundred-percent-fullwidth non-hundred-percent-height-scrolling privatnost\" style=\"--awb-border-radius-top-left:0px;--awb-border-radius-top-right:0px;--awb-border-radius-bottom-right:0px;--awb-border-radius-bottom-left:0px;--awb-flex-wrap:wrap;\" ><div class=\"fusion-builder-row fusion-row fusion-flex-align-items-flex-start fusion-flex-content-wrap\" style=\"max-width:1310.4px;margin-left: calc(-4% \/ 2 );margin-right: calc(-4% \/ 2 );\"><div class=\"fusion-layout-column fusion_builder_column fusion-builder-column-0 fusion_builder_column_1_6 1_6 fusion-flex-column\" style=\"--awb-bg-size:cover;--awb-width-large:16.666666666667%;--awb-margin-top-large:20px;--awb-spacing-right-large:11.52%;--awb-margin-bottom-large:20px;--awb-spacing-left-large:11.52%;--awb-width-medium:16.666666666667%;--awb-spacing-right-medium:11.52%;--awb-spacing-left-medium:11.52%;--awb-width-small:100%;--awb-spacing-right-small:1.92%;--awb-spacing-left-small:1.92%;\"><div class=\"fusion-column-wrapper fusion-flex-justify-content-flex-start fusion-content-layout-column\"><\/div><\/div><div class=\"fusion-layout-column fusion_builder_column fusion-builder-column-1 fusion_builder_column_2_3 2_3 fusion-flex-column\" style=\"--awb-bg-size:cover;--awb-width-large:66.666666666667%;--awb-margin-top-large:20px;--awb-spacing-right-large:2.88%;--awb-margin-bottom-large:20px;--awb-spacing-left-large:2.88%;--awb-width-medium:66.666666666667%;--awb-spacing-right-medium:2.88%;--awb-spacing-left-medium:2.88%;--awb-width-small:100%;--awb-spacing-right-small:1.92%;--awb-spacing-left-small:1.92%;\"><div class=\"fusion-column-wrapper fusion-flex-justify-content-flex-start fusion-content-layout-column\"><div class=\"fusion-title title fusion-title-1 fusion-sep-none fusion-title-text fusion-title-size-one\" style=\"--awb-margin-top-small:10px;--awb-margin-right-small:0px;--awb-margin-bottom-small:20px;--awb-margin-left-small:0px;--awb-font-size:40px;\"><h1 class=\"fusion-title-heading title-heading-left fusion-responsive-typography-calculated\" style=\"margin:0;font-size:1em;--fontSize:40;line-height:1.16;\">Protezione delle informazioni personali<\/h1><\/div><div class=\"fusion-text fusion-text-1\" style=\"--awb-text-transform:none;\"><p><span style=\"font-size: 12pt;\">Protezione delle informazioni personali sul sito web tpconset.hr.<\/span><\/p>\n<p style=\"text-align: justify;\"><span style=\"font-size: 12pt;\"><strong>Dati che raccogliamo<\/strong><\/span><br \/>\n<span style=\"font-size: 12pt;\">L\u2019accesso al sito web di tpconset.hr \u00e8 gratuito e non \u00e8 richiesta alcuna registrazione. Contattando tramite modulo di contatto o via e-mail, si inseriscono i propri dati (contatto, nome e cognome, e nel testo del messaggio si prega di fornire alcune informazioni personali). Questa informazione \u00e8 disponibile solo a TP \u2013 Conset d.o.o., al quale \u00e8 rivolta la sua richiesta. Fornire le proprie informazioni personali \u00e8 un atto puramente volontario. Non elaboriamo pi\u00f9 informazioni personali di quelle necessarie per rispondere alla sua domanda.<\/span><\/p>\n<p style=\"text-align: justify;\"><span style=\"font-size: 12pt;\"><strong>Protezione delle informazioni personali<\/strong><\/span><br \/>\n<span style=\"font-size: 12pt;\">TP \u2013 Conset d.o.o. rispetta la tua privacy e tratta le tue informazioni personali onestamente e legalmente. Conserviamo le vostre informazioni personali elettronicamente e, ai fini della protezione, applichiamo le misure tecniche, organizzative e di protezione dei dati personali e delle procedure per impedire l\u2019accesso non autorizzato ai dati personali.<\/span><\/p>\n<p style=\"text-align: justify;\"><span style=\"font-size: 12pt;\"><strong>Messaggi in formato elettronico<\/strong><\/span><br \/>\n<span style=\"font-size: 12pt;\">Quando ci invia una e-mail con le sue informazioni personali grazie alle quali possimao identificarla, indipendentemente dal fatto che sia una domanda via mail elettronica o domanda fatta con l\u2019uso dei moduli di contatto trovati sul sito web tpconset.hr, recapitata tramite posta elettronica, usiamo queste informazioni solo allo scopo di soddisfare le tue domande. Non elaboriamo le informazioni personali per scopi di marketing e vengono cancellati dal nostro programma di posta entro la fine dell\u2019anno civile, a meno che tu non sia diventato nostro cliente e poi inserito nel database del cliente per la fattura per il servizio concordato.<\/span><\/p>\n<p style=\"text-align: justify;\"><span style=\"font-size: 12pt;\"><strong>Eliminazione e accesso alle informazioni personali<\/strong><\/span><br \/>\n<span style=\"font-size: 12pt;\">Le informazioni personali che ci ha fornito si conservano solo per il periodo sufficiente a soddisfare lo scopo iniziale della loro raccolta. Siete autorizzati in qualsiasi momento a richiedere informazioni su quali dati personali ha nel nostro database di posta elettronica, nonch\u00e9 a richiedere la modifica di tutte o alcune informazioni personali (Diritto alla correzione) o di eliminarle (Diritto di cancellazione). Ci\u00f2 sar\u00e0 possibile contattando<a href=\"mailto:info@tpconset.hr\"> info@tpconset.hr<\/a> e inviando una notifica con la sua richiesta. Se pubblichi una di queste richieste, faremo ogni adeguato controllo per confermare la sua identit\u00e0 e impedire l\u2019accesso non autorizzato alle sue informazioni personali.<\/span><\/p>\n<p style=\"text-align: justify;\"><span style=\"font-size: 12pt;\"><strong>Fornire dati personali ad altri destinatari<\/strong><\/span><br \/>\n<span style=\"font-size: 12pt;\">Non forniamo le informazioni personali ad altri destinatari. Tuttavia, sul sito web di tpconset.hr trover\u00e0 collegamenti ad altri siti web. L\u2019informativa sulla privacy su questi portali potrebbe essere diversa dall\u2019Informativa sulla privacy di tpconset.hr. Sul nostro sito possiamo anche offrirti l\u2019uso dei social network TP \u2013 Conset d.o.o. (Facebook, Instagram, Linkedin, Google) e altri servizi di Google Maps, YouTube che consentono la condivisione dei dati personali.<\/span><\/p>\n<p style=\"text-align: justify;\"><span style=\"font-size: 12pt;\"><strong>Statistiche del server e Google Analytics<\/strong><\/span><br \/>\n<span style=\"font-size: 12pt;\">Tutti i siti Web controllati da TP \u2013 Conset d.o.o., incluso questo sito, possono utilizzare Google Analytics \u2013 un servizio di analisi Internet fornito da Google Inc. (di seguito denominato Google). Google Analytics utilizza \u201ccookie\u201d \u2013 piccoli file di testo che vengono automaticamente posizionati sul disco rigido di un utente \u2013 allo scopo di analizzare le abitudini dell\u2019utente. I dati raccolti tramite \u201ccookie\u201d sull\u2019utilizzo del Sito (incluso l\u2019indirizzo IP dell\u2019utente) sono trasmessi e archiviati da Google ai server situati negli Stati Uniti. Google utilizzer\u00e0 i dati raccolti per valutare l\u2019utilizzo del Sito, generare rapporti sulle attivit\u00e0 del sito per le esigenze degli operatori di siti Internet e fornire altri servizi relativi all\u2019uso del Sito e, in generale, l\u2019uso di Internet. Google pu\u00f2 anche trasferire queste informazioni a terzi quando sono legalmente prescritte o quando le terze parti interessate trattano dati per conto di Google. Google non collegher\u00e0 l\u2019indirizzo IP dell\u2019utente a nessun altro dato raccolto da Google. \u00c8 possibile opporsi all\u2019uso dei \u201ccookie\u201d scegliendo le impostazioni appropriate sul proprio browser, quindi sii consapevole che ci\u00f2 potrebbe influire sulla piena funzionalit\u00e0 del Sito. Utilizzando il Sito, accetti di elaborare le tue informazioni personali da Google secondo le modalit\u00e0 sopra menzionate. Pertanto, si prega di familiarizzare con l\u2019Informativa sulla privacy applicabile ad altri siti Web e social network.<\/span><\/p>\n<p style=\"text-align: justify;\"><span style=\"font-size: 12pt;\"><strong>Misure protettive<\/strong><\/span><br \/>\n<span style=\"font-size: 12pt;\">TP \u2013 Conset d.o.o. utilizza misure tecnologiche e di sicurezza, regole e altre procedure per proteggere le informazioni personali di questo sito da accessi non autorizzati, uso improprio, rilevamento, perdita o distruzione. Al fine di proteggere la privacy degli utenti del sito, utilizza misure di sicurezza standard del settore, come protezione firewall e password. Tuttavia, l\u2019utente \u00e8 anche tenuto a garantire che il computer sia utilizzato in modo sicuro e protetto da software dannoso come trojan, virus informatici e worm. L\u2019Utente \u00e8 consapevole che senza adeguate misure di sicurezza (come la configurazione sicura del browser Internet, programmi antivirus aggiornati, programmi firewall personali, programmi inutilizzati da fonti sospette) c\u2019\u00e8 il rischio che i dati e le password utilizzati per impedire l\u2019accesso alle informazioni personali possano essere rilevati da terze parti non autorizzate persone.<\/span><\/p>\n<p style=\"text-align: justify;\"><span style=\"font-size: 12pt;\"><strong>Protezione dei minori<\/strong><\/span><br \/>\n<span style=\"font-size: 12pt;\">Questo sito \u00e8 destinato agli adulti. TP \u2013 Conset d.o.o. non raccoglie informazioni personali sui minori (definite come persone di et\u00e0 inferiore ai 18 anni) senza il previo, verificabile consenso del suo legale rappresentante. Il legale rappresentante d\u2019appello ha il diritto, su sua richiesta, di rivedere le informazioni fornite dal minore e \/ o richiedere la cancellazione di tali informazioni.<\/span><\/p>\n<p style=\"text-align: justify;\"><span style=\"font-size: 12pt;\"><strong>Limitazione di responsabilit\u00e0<\/strong><\/span><br \/>\n<span style=\"font-size: 12pt;\">Pur mettendo a disposizione misure tecniche, organizzative e personali per impedire la divulgazione non autorizzata dei dati personali dell\u2019utente, non possiamo garantire che alcune delle informazioni personali che raccogliamo non saranno mai divulgate accidentalmente, contrariamente a quanto previsto dalla presente Informativa sulla privacy. Nella misura massima consentita dalla legge, escludiamo responsabilit\u00e0 per danni causati a utenti o terze persone rivelando accidentalmente informazioni personali.<\/span><\/p>\n<p><span style=\"font-size: 12pt;\"><strong>Statistiche del server<\/strong><\/span><br \/>\n<span style=\"font-size: 12pt;\">Questo sito web utilizza Google Analytics per misurare le statistiche dei visitatori.<\/span><\/p>\n<p><span style=\"font-size: 12pt;\"><strong>Responsabile della protezione dei dati personali<\/strong><\/span><\/p>\n<p><span style=\"font-size: 12pt;\">TP \u2013 Conset d.o.o.<\/span><br \/>\n<span style=\"font-size: 12pt;\">Ulica 1. svibnja 4,<\/span><br \/>\n<span style=\"font-size: 12pt;\">52470 Umag \u2013 Umago<\/span><\/p>\n<p><span style=\"font-size: 12pt;\">Telefon: +385 (0)52 741-942<\/span><br \/>\n<span style=\"font-size: 12pt;\">E.mail: <a href=\"mailto:info@tpconset.hr\">info@tpconset.hr<\/a><\/span><\/p>\n<p><span style=\"font-size: 12pt;\">Utilizzando il sito tpconset.hr l\u2019utente d\u00e0 il consenso al trattamento dei dati personali secondo le modalit\u00e0 sopra indicate.<\/span><\/p>\n<\/div><\/div><\/div><div class=\"fusion-layout-column fusion_builder_column fusion-builder-column-2 fusion_builder_column_1_6 1_6 fusion-flex-column\" style=\"--awb-bg-size:cover;--awb-width-large:16.666666666667%;--awb-margin-top-large:20px;--awb-spacing-right-large:11.52%;--awb-margin-bottom-large:20px;--awb-spacing-left-large:11.52%;--awb-width-medium:16.666666666667%;--awb-spacing-right-medium:11.52%;--awb-spacing-left-medium:11.52%;--awb-width-small:100%;--awb-spacing-right-small:1.92%;--awb-spacing-left-small:1.92%;\"><div class=\"fusion-column-wrapper fusion-flex-justify-content-flex-start fusion-content-layout-column\"><\/div><\/div><\/div><\/div>\n","protected":false},"excerpt":{"rendered":"","protected":false},"author":1,"featured_media":0,"parent":0,"menu_order":0,"comment_status":"closed","ping_status":"open","template":"","meta":{"footnotes":""},"class_list":["post-3420","page","type-page","status-publish","hentry"],"yoast_head":"<!-- This site is optimized with the Yoast SEO plugin v27.3 - https:\/\/yoast.com\/product\/yoast-seo-wordpress\/ -->\n<title>Protezione delle informazioni personali - TP Conset<\/title>\n<meta name=\"robots\" content=\"index, follow, max-snippet:-1, max-image-preview:large, max-video-preview:-1\" \/>\n<link rel=\"canonical\" href=\"https:\/\/tpconset.hr\/it\/protezione-delle-informazioni-personali\/\" \/>\n<meta property=\"og:locale\" content=\"it_IT\" \/>\n<meta property=\"og:type\" content=\"article\" \/>\n<meta property=\"og:title\" content=\"Protezione delle informazioni personali - TP Conset\" \/>\n<meta property=\"og:url\" content=\"https:\/\/tpconset.hr\/it\/protezione-delle-informazioni-personali\/\" \/>\n<meta property=\"og:site_name\" content=\"TP Conset\" \/>\n<meta property=\"article:modified_time\" content=\"2022-06-01T08:01:44+00:00\" \/>\n<meta name=\"twitter:card\" content=\"summary_large_image\" \/>\n<meta name=\"twitter:label1\" content=\"Tempo di lettura stimato\" \/>\n\t<meta name=\"twitter:data1\" content=\"9 minuti\" \/>\n<script type=\"application\/ld+json\" class=\"yoast-schema-graph\">{\"@context\":\"https:\\\/\\\/schema.org\",\"@graph\":[{\"@type\":\"WebPage\",\"@id\":\"https:\\\/\\\/tpconset.hr\\\/it\\\/protezione-delle-informazioni-personali\\\/\",\"url\":\"https:\\\/\\\/tpconset.hr\\\/it\\\/protezione-delle-informazioni-personali\\\/\",\"name\":\"Protezione delle informazioni personali - TP Conset\",\"isPartOf\":{\"@id\":\"https:\\\/\\\/tpconset.hr\\\/it\\\/#website\"},\"datePublished\":\"2021-03-13T06:53:05+00:00\",\"dateModified\":\"2022-06-01T08:01:44+00:00\",\"breadcrumb\":{\"@id\":\"https:\\\/\\\/tpconset.hr\\\/it\\\/protezione-delle-informazioni-personali\\\/#breadcrumb\"},\"inLanguage\":\"it-IT\",\"potentialAction\":[{\"@type\":\"ReadAction\",\"target\":[\"https:\\\/\\\/tpconset.hr\\\/it\\\/protezione-delle-informazioni-personali\\\/\"]}]},{\"@type\":\"BreadcrumbList\",\"@id\":\"https:\\\/\\\/tpconset.hr\\\/it\\\/protezione-delle-informazioni-personali\\\/#breadcrumb\",\"itemListElement\":[{\"@type\":\"ListItem\",\"position\":1,\"name\":\"Po\u010detna stranica\",\"item\":\"https:\\\/\\\/tpconset.hr\\\/it\\\/\"},{\"@type\":\"ListItem\",\"position\":2,\"name\":\"Protezione delle informazioni personali\"}]},{\"@type\":\"WebSite\",\"@id\":\"https:\\\/\\\/tpconset.hr\\\/it\\\/#website\",\"url\":\"https:\\\/\\\/tpconset.hr\\\/it\\\/\",\"name\":\"TP Conset\",\"description\":\"Ra\u010dunovodstvo i poslovno savjetovanje\",\"potentialAction\":[{\"@type\":\"SearchAction\",\"target\":{\"@type\":\"EntryPoint\",\"urlTemplate\":\"https:\\\/\\\/tpconset.hr\\\/it\\\/?s={search_term_string}\"},\"query-input\":{\"@type\":\"PropertyValueSpecification\",\"valueRequired\":true,\"valueName\":\"search_term_string\"}}],\"inLanguage\":\"it-IT\"}]}<\/script>\n<!-- \/ Yoast SEO plugin. -->","yoast_head_json":{"title":"Protezione delle informazioni personali - TP Conset","robots":{"index":"index","follow":"follow","max-snippet":"max-snippet:-1","max-image-preview":"max-image-preview:large","max-video-preview":"max-video-preview:-1"},"canonical":"https:\/\/tpconset.hr\/it\/protezione-delle-informazioni-personali\/","og_locale":"it_IT","og_type":"article","og_title":"Protezione delle informazioni personali - TP Conset","og_url":"https:\/\/tpconset.hr\/it\/protezione-delle-informazioni-personali\/","og_site_name":"TP Conset","article_modified_time":"2022-06-01T08:01:44+00:00","twitter_card":"summary_large_image","twitter_misc":{"Tempo di lettura stimato":"9 minuti"},"schema":{"@context":"https:\/\/schema.org","@graph":[{"@type":"WebPage","@id":"https:\/\/tpconset.hr\/it\/protezione-delle-informazioni-personali\/","url":"https:\/\/tpconset.hr\/it\/protezione-delle-informazioni-personali\/","name":"Protezione delle informazioni personali - TP Conset","isPartOf":{"@id":"https:\/\/tpconset.hr\/it\/#website"},"datePublished":"2021-03-13T06:53:05+00:00","dateModified":"2022-06-01T08:01:44+00:00","breadcrumb":{"@id":"https:\/\/tpconset.hr\/it\/protezione-delle-informazioni-personali\/#breadcrumb"},"inLanguage":"it-IT","potentialAction":[{"@type":"ReadAction","target":["https:\/\/tpconset.hr\/it\/protezione-delle-informazioni-personali\/"]}]},{"@type":"BreadcrumbList","@id":"https:\/\/tpconset.hr\/it\/protezione-delle-informazioni-personali\/#breadcrumb","itemListElement":[{"@type":"ListItem","position":1,"name":"Po\u010detna stranica","item":"https:\/\/tpconset.hr\/it\/"},{"@type":"ListItem","position":2,"name":"Protezione delle informazioni personali"}]},{"@type":"WebSite","@id":"https:\/\/tpconset.hr\/it\/#website","url":"https:\/\/tpconset.hr\/it\/","name":"TP Conset","description":"Ra\u010dunovodstvo i poslovno savjetovanje","potentialAction":[{"@type":"SearchAction","target":{"@type":"EntryPoint","urlTemplate":"https:\/\/tpconset.hr\/it\/?s={search_term_string}"},"query-input":{"@type":"PropertyValueSpecification","valueRequired":true,"valueName":"search_term_string"}}],"inLanguage":"it-IT"}]}},"_links":{"self":[{"href":"https:\/\/tpconset.hr\/it\/wp-json\/wp\/v2\/pages\/3420","targetHints":{"allow":["GET"]}}],"collection":[{"href":"https:\/\/tpconset.hr\/it\/wp-json\/wp\/v2\/pages"}],"about":[{"href":"https:\/\/tpconset.hr\/it\/wp-json\/wp\/v2\/types\/page"}],"author":[{"embeddable":true,"href":"https:\/\/tpconset.hr\/it\/wp-json\/wp\/v2\/users\/1"}],"replies":[{"embeddable":true,"href":"https:\/\/tpconset.hr\/it\/wp-json\/wp\/v2\/comments?post=3420"}],"version-history":[{"count":5,"href":"https:\/\/tpconset.hr\/it\/wp-json\/wp\/v2\/pages\/3420\/revisions"}],"predecessor-version":[{"id":3617,"href":"https:\/\/tpconset.hr\/it\/wp-json\/wp\/v2\/pages\/3420\/revisions\/3617"}],"wp:attachment":[{"href":"https:\/\/tpconset.hr\/it\/wp-json\/wp\/v2\/media?parent=3420"}],"curies":[{"name":"wp","href":"https:\/\/api.w.org\/{rel}","templated":true}]}}